{"id":15,"date":"2025-03-13T10:15:12","date_gmt":"2025-03-13T10:15:12","guid":{"rendered":"https:\/\/vem.point-com.net\/?page_id=15"},"modified":"2025-03-13T15:10:32","modified_gmt":"2025-03-13T15:10:32","slug":"accueil","status":"publish","type":"page","link":"https:\/\/vem.point-com.net\/","title":{"rendered":"Accueil"},"content":{"rendered":"\t\t<div data-elementor-type=\"wp-page\" data-elementor-id=\"15\" class=\"elementor elementor-15\">\n\t\t\t\t<div class=\"elementor-element elementor-element-ef08ee3 e-flex e-con-boxed e-con e-parent\" data-id=\"ef08ee3\" data-element_type=\"container\" data-e-type=\"container\" data-settings=\"{&quot;background_background&quot;:&quot;slideshow&quot;,&quot;background_slideshow_gallery&quot;:[{&quot;id&quot;:54,&quot;url&quot;:&quot;https:\\\/\\\/vem.point-com.net\\\/wp-content\\\/uploads\\\/2025\\\/03\\\/PhotoRallye40602023014.jpg&quot;},{&quot;id&quot;:53,&quot;url&quot;:&quot;https:\\\/\\\/vem.point-com.net\\\/wp-content\\\/uploads\\\/2025\\\/03\\\/PhotoParkingLeclercjuin2022022Bis.png&quot;},{&quot;id&quot;:52,&quot;url&quot;:&quot;https:\\\/\\\/vem.point-com.net\\\/wp-content\\\/uploads\\\/2025\\\/03\\\/Photo-Big-Car-Show-2022-008-scaled-1.jpg&quot;},{&quot;id&quot;:51,&quot;url&quot;:&quot;https:\\\/\\\/vem.point-com.net\\\/wp-content\\\/uploads\\\/2025\\\/03\\\/P1130589-1.jpg&quot;},{&quot;id&quot;:50,&quot;url&quot;:&quot;https:\\\/\\\/vem.point-com.net\\\/wp-content\\\/uploads\\\/2025\\\/03\\\/P1130578.jpg&quot;},{&quot;id&quot;:49,&quot;url&quot;:&quot;https:\\\/\\\/vem.point-com.net\\\/wp-content\\\/uploads\\\/2025\\\/03\\\/P1130559-1.jpg&quot;},{&quot;id&quot;:48,&quot;url&quot;:&quot;https:\\\/\\\/vem.point-com.net\\\/wp-content\\\/uploads\\\/2025\\\/03\\\/P1130519.jpg&quot;},{&quot;id&quot;:47,&quot;url&quot;:&quot;https:\\\/\\\/vem.point-com.net\\\/wp-content\\\/uploads\\\/2025\\\/03\\\/P1120240-scaled-1.jpg&quot;},{&quot;id&quot;:45,&quot;url&quot;:&quot;https:\\\/\\\/vem.point-com.net\\\/wp-content\\\/uploads\\\/2025\\\/03\\\/LeMansClassicsamedi2022093.jpg&quot;},{&quot;id&quot;:44,&quot;url&quot;:&quot;https:\\\/\\\/vem.point-com.net\\\/wp-content\\\/uploads\\\/2025\\\/03\\\/DSC_0862-2.jpg&quot;},{&quot;id&quot;:43,&quot;url&quot;:&quot;https:\\\/\\\/vem.point-com.net\\\/wp-content\\\/uploads\\\/2025\\\/03\\\/DSC_0723-4.jpg&quot;},{&quot;id&quot;:40,&quot;url&quot;:&quot;https:\\\/\\\/vem.point-com.net\\\/wp-content\\\/uploads\\\/2025\\\/03\\\/418880238_868460181954580_4306174778985164560_n.jpg&quot;},{&quot;id&quot;:39,&quot;url&quot;:&quot;https:\\\/\\\/vem.point-com.net\\\/wp-content\\\/uploads\\\/2025\\\/03\\\/417450648_6946118232090057_4293200402738736266_n.jpg&quot;},{&quot;id&quot;:38,&quot;url&quot;:&quot;https:\\\/\\\/vem.point-com.net\\\/wp-content\\\/uploads\\\/2025\\\/03\\\/417369416_6946117978756749_6302678845651731407_n.jpg&quot;},{&quot;id&quot;:37,&quot;url&quot;:&quot;https:\\\/\\\/vem.point-com.net\\\/wp-content\\\/uploads\\\/2025\\\/03\\\/353850286_10231923179649044_6819138727071720410_n.jpg&quot;},{&quot;id&quot;:36,&quot;url&quot;:&quot;https:\\\/\\\/vem.point-com.net\\\/wp-content\\\/uploads\\\/2025\\\/03\\\/20230916_110940.jpg&quot;},{&quot;id&quot;:35,&quot;url&quot;:&quot;https:\\\/\\\/vem.point-com.net\\\/wp-content\\\/uploads\\\/2025\\\/03\\\/20230916_110425.jpg&quot;},{&quot;id&quot;:34,&quot;url&quot;:&quot;https:\\\/\\\/vem.point-com.net\\\/wp-content\\\/uploads\\\/2025\\\/03\\\/4G9A5659_DxO.jpg&quot;}],&quot;background_slideshow_loop&quot;:&quot;yes&quot;,&quot;background_slideshow_slide_duration&quot;:5000,&quot;background_slideshow_slide_transition&quot;:&quot;fade&quot;,&quot;background_slideshow_transition_duration&quot;:500}\">\n\t\t\t\t\t<div class=\"e-con-inner\">\n\t\t\t\t\t<\/div>\n\t\t\t\t<\/div>\n\t\t<div class=\"elementor-element elementor-element-2b402e6 e-flex e-con-boxed e-con e-parent\" data-id=\"2b402e6\" data-element_type=\"container\" data-e-type=\"container\">\n\t\t\t\t\t<div class=\"e-con-inner\">\n\t\t<div class=\"elementor-element elementor-element-34edac3 e-con-full e-flex e-con e-child\" data-id=\"34edac3\" data-element_type=\"container\" data-e-type=\"container\">\n\t\t\t\t<div class=\"elementor-element elementor-element-90ddd50 elementor-widget__width-initial elementor-widget elementor-widget-image\" data-id=\"90ddd50\" data-element_type=\"widget\" data-e-type=\"widget\" data-widget_type=\"image.default\">\n\t\t\t\t<div class=\"elementor-widget-container\">\n\t\t\t\t\t\t\t\t\t\t\t\t\t\t\t<img fetchpriority=\"high\" decoding=\"async\" width=\"1024\" height=\"540\" src=\"https:\/\/vem.point-com.net\/wp-content\/uploads\/2025\/03\/president-VEM-1-scaled-e1741874872190-1024x540.jpg\" class=\"attachment-large size-large wp-image-77\" alt=\"\" srcset=\"https:\/\/vem.point-com.net\/wp-content\/uploads\/2025\/03\/president-VEM-1-scaled-e1741874872190-1024x540.jpg 1024w, https:\/\/vem.point-com.net\/wp-content\/uploads\/2025\/03\/president-VEM-1-scaled-e1741874872190-300x158.jpg 300w, https:\/\/vem.point-com.net\/wp-content\/uploads\/2025\/03\/president-VEM-1-scaled-e1741874872190-768x405.jpg 768w, https:\/\/vem.point-com.net\/wp-content\/uploads\/2025\/03\/president-VEM-1-scaled-e1741874872190-1536x809.jpg 1536w, https:\/\/vem.point-com.net\/wp-content\/uploads\/2025\/03\/president-VEM-1-scaled-e1741874872190.jpg 2040w\" sizes=\"(max-width: 1024px) 100vw, 1024px\" \/>\t\t\t\t\t\t\t\t\t\t\t\t\t\t\t<\/div>\n\t\t\t\t<\/div>\n\t\t\t\t<\/div>\n\t\t<div class=\"elementor-element elementor-element-09d9238 e-con-full e-flex e-con e-child\" data-id=\"09d9238\" data-element_type=\"container\" data-e-type=\"container\">\n\t\t\t\t<div class=\"elementor-element elementor-element-57bf165 elementor-widget__width-initial elementor-widget elementor-widget-text-editor\" data-id=\"57bf165\" data-element_type=\"widget\" data-e-type=\"widget\" data-widget_type=\"text-editor.default\">\n\t\t\t\t<div class=\"elementor-widget-container\">\n\t\t\t\t\t\t\t\t\t<h1 class=\"u-heading-font u-text u-title u-text-1\"><span style=\"font-size: 3.375rem; font-style: inherit;\">LE MOT DU PR\u00c9SIDENT<\/span><br><\/h1>\n<p><\/p>\t\t\t\t\t\t\t\t<\/div>\n\t\t\t\t<\/div>\n\t\t\t\t<\/div>\n\t\t\t\t\t<\/div>\n\t\t\t\t<\/div>\n\t\t<div class=\"elementor-element elementor-element-2c54148 e-flex e-con-boxed e-con e-parent\" data-id=\"2c54148\" data-element_type=\"container\" data-e-type=\"container\">\n\t\t\t\t\t<div class=\"e-con-inner\">\n\t\t\t\t<div class=\"elementor-element elementor-element-bc63439 elementor-widget elementor-widget-text-editor\" data-id=\"bc63439\" data-element_type=\"widget\" data-e-type=\"widget\" data-widget_type=\"text-editor.default\">\n\t\t\t\t<div class=\"elementor-widget-container\">\n\t\t\t\t\t\t\t\t\t<p class=\"u-align-justify u-large-text u-text u-text-variant u-text-2\">Cr\u00e9\u00e9 en 1980 par M. Marcel Bigot, le V.E.M. (V\u00e9hicules d\u2019\u00c9poque du Maine) est une association qui regroupe 79 passionn\u00e9s de v\u00e9hicules de collection ant\u00e9rieurs \u00e0 1989. Le club est multimarque. Le VEM organise chaque premier dimanche du mois le rassemblement des passionn\u00e9s de voitures, motos anciennes et de prestige sur le parking du Leclerc des Fontenelles au Mans. Le VEM compte 79 collectionneurs qui entretiennent, font vivre et transmettent le patrimoine automobile. Passion, partage, convivialit\u00e9, bonne humeur sont les ma\u00eetres mots du VEM. Ses adh\u00e9rents se retrouvent r\u00e9guli\u00e8rement pour partager d\u2019agr\u00e9ables moments, immortalis\u00e9s par les photos visibles sur ce site. Vous d\u00e9couvrirez le calendrier des sorties et animations du club en naviguant sur ce site et si l\u2019envie de nous rejoindre vous tente, le bulletin d\u2019inscription s\u2019y trouve \u00e9galement. Je vous souhaite la bienvenue et une agr\u00e9able navigation sur notre site.<\/p><p><strong>Vincent FOURMENTRAUX<\/strong><\/p>\t\t\t\t\t\t\t\t<\/div>\n\t\t\t\t<\/div>\n\t\t\t\t\t<\/div>\n\t\t\t\t<\/div>\n\t\t<div class=\"elementor-element elementor-element-50eb907 e-flex e-con-boxed e-con e-parent\" data-id=\"50eb907\" data-element_type=\"container\" data-e-type=\"container\" data-settings=\"{&quot;background_background&quot;:&quot;classic&quot;}\">\n\t\t\t\t\t<div class=\"e-con-inner\">\n\t\t<div class=\"elementor-element elementor-element-5f3c057 e-con-full e-flex e-con e-child\" data-id=\"5f3c057\" data-element_type=\"container\" data-e-type=\"container\">\n\t\t\t\t<div class=\"elementor-element elementor-element-450c23a elementor-widget elementor-widget-heading\" data-id=\"450c23a\" data-element_type=\"widget\" data-e-type=\"widget\" data-widget_type=\"heading.default\">\n\t\t\t\t<div class=\"elementor-widget-container\">\n\t\t\t\t\t<h4 class=\"elementor-heading-title elementor-size-default\">Nous contacter<\/h4>\t\t\t\t<\/div>\n\t\t\t\t<\/div>\n\t\t\t\t<div class=\"elementor-element elementor-element-a8e68e8 elementor-widget elementor-widget-text-editor\" data-id=\"a8e68e8\" data-element_type=\"widget\" data-e-type=\"widget\" data-widget_type=\"text-editor.default\">\n\t\t\t\t<div class=\"elementor-widget-container\">\n\t\t\t\t\t\t\t\t\t<p>Courriel : contact@clubvem.fr<br \/><span style=\"font-family: var( --e-global-typography-text-font-family ), Sans-serif; font-style: inherit; text-align: var(--text-align);\">10 rue de la presche 72000 Le Mans<\/span><\/p>\t\t\t\t\t\t\t\t<\/div>\n\t\t\t\t<\/div>\n\t\t\t\t<\/div>\n\t\t<div class=\"elementor-element elementor-element-4dbe0e2 e-con-full e-flex e-con e-child\" data-id=\"4dbe0e2\" data-element_type=\"container\" data-e-type=\"container\">\n\t\t\t\t<div class=\"elementor-element elementor-element-7ca964b elementor-align-center elementor-widget elementor-widget-button\" data-id=\"7ca964b\" data-element_type=\"widget\" data-e-type=\"widget\" data-widget_type=\"button.default\">\n\t\t\t\t<div class=\"elementor-widget-container\">\n\t\t\t\t\t\t\t\t\t<div class=\"elementor-button-wrapper\">\n\t\t\t\t\t<a class=\"elementor-button elementor-button-link elementor-size-sm\" href=\"https:\/\/vem.point-com.net\/wp-content\/uploads\/2025\/03\/bulletin-adhesion.pdf\" target=\"_blank\">\n\t\t\t\t\t\t<span class=\"elementor-button-content-wrapper\">\n\t\t\t\t\t\t\t\t\t<span class=\"elementor-button-text\">Bulletin d'Adh\u00e9sion<\/span>\n\t\t\t\t\t<\/span>\n\t\t\t\t\t<\/a>\n\t\t\t\t<\/div>\n\t\t\t\t\t\t\t\t<\/div>\n\t\t\t\t<\/div>\n\t\t\t\t<\/div>\n\t\t<div class=\"elementor-element elementor-element-ad916f7 e-con-full e-flex e-con e-child\" data-id=\"ad916f7\" data-element_type=\"container\" data-e-type=\"container\">\n\t\t\t\t<div class=\"elementor-element elementor-element-f96be16 elementor-widget elementor-widget-heading\" data-id=\"f96be16\" data-element_type=\"widget\" data-e-type=\"widget\" data-widget_type=\"heading.default\">\n\t\t\t\t<div class=\"elementor-widget-container\">\n\t\t\t\t\t<h4 class=\"elementor-heading-title elementor-size-default\">Conseil d'administration<\/h4>\t\t\t\t<\/div>\n\t\t\t\t<\/div>\n\t\t\t\t<div class=\"elementor-element elementor-element-634ef58 elementor-widget elementor-widget-text-editor\" data-id=\"634ef58\" data-element_type=\"widget\" data-e-type=\"widget\" data-widget_type=\"text-editor.default\">\n\t\t\t\t<div class=\"elementor-widget-container\">\n\t\t\t\t\t\t\t\t\t<p>Pr\u00e9sident : Vincent FOURMENTRAUX<br \/><span style=\"font-style: inherit; font-family: var( --e-global-typography-text-font-family ), Sans-serif; text-align: var(--text-align);\">Secr\u00e9taire : Joanny DEMELIER<br \/><\/span>Tr\u00e9sorier : Patrick QUIENNE<br \/>Correspondant Partenaire : Jean-Louis PATERNE<\/p><p>\u00a0<\/p>\t\t\t\t\t\t\t\t<\/div>\n\t\t\t\t<\/div>\n\t\t\t\t<\/div>\n\t\t\t\t\t<\/div>\n\t\t\t\t<\/div>\n\t\t\t\t<\/div>\n\t\t","protected":false},"excerpt":{"rendered":"<p>LE MOT DU PR\u00c9SIDENT Cr\u00e9\u00e9 en 1980 par M. Marcel Bigot, le V.E.M. (V\u00e9hicules d\u2019\u00c9poque du Maine) est une association [&hellip;]<\/p>\n","protected":false},"author":1,"featured_media":0,"parent":0,"menu_order":0,"comment_status":"closed","ping_status":"closed","template":"","meta":{"_uag_custom_page_level_css":"","site-sidebar-layout":"no-sidebar","site-content-layout":"","ast-site-content-layout":"full-width-container","site-content-style":"default","site-sidebar-style":"default","ast-global-header-display":"","ast-banner-title-visibility":"","ast-main-header-display":"","ast-hfb-above-header-display":"","ast-hfb-below-header-display":"","ast-hfb-mobile-header-display":"","site-post-title":"disabled","ast-breadcrumbs-content":"","ast-featured-img":"disabled","footer-sml-layout":"","ast-disable-related-posts":"","theme-transparent-header-meta":"default","adv-header-id-meta":"","stick-header-meta":"","header-above-stick-meta":"","header-main-stick-meta":"","header-below-stick-meta":"","astra-migrate-meta-layouts":"default","ast-page-background-enabled":"default","ast-page-background-meta":{"desktop":{"background-color":"var(--ast-global-color-5)","background-image":"","background-repeat":"repeat","background-position":"center center","background-size":"auto","background-attachment":"scroll","background-type":"","background-media":"","overlay-type":"","overlay-color":"","overlay-opacity":"","overlay-gradient":""},"tablet":{"background-color":"","background-image":"","background-repeat":"repeat","background-position":"center center","background-size":"auto","background-attachment":"scroll","background-type":"","background-media":"","overlay-type":"","overlay-color":"","overlay-opacity":"","overlay-gradient":""},"mobile":{"background-color":"","background-image":"","background-repeat":"repeat","background-position":"center center","background-size":"auto","background-attachment":"scroll","background-type":"","background-media":"","overlay-type":"","overlay-color":"","overlay-opacity":"","overlay-gradient":""}},"ast-content-background-meta":{"desktop":{"background-color":"var(--ast-global-color-4)","background-image":"","background-repeat":"repeat","background-position":"center center","background-size":"auto","background-attachment":"scroll","background-type":"","background-media":"","overlay-type":"","overlay-color":"","overlay-opacity":"","overlay-gradient":""},"tablet":{"background-color":"var(--ast-global-color-4)","background-image":"","background-repeat":"repeat","background-position":"center center","background-size":"auto","background-attachment":"scroll","background-type":"","background-media":"","overlay-type":"","overlay-color":"","overlay-opacity":"","overlay-gradient":""},"mobile":{"background-color":"var(--ast-global-color-4)","background-image":"","background-repeat":"repeat","background-position":"center center","background-size":"auto","background-attachment":"scroll","background-type":"","background-media":"","overlay-type":"","overlay-color":"","overlay-opacity":"","overlay-gradient":""}},"footnotes":""},"class_list":["post-15","page","type-page","status-publish","hentry"],"uagb_featured_image_src":{"full":false,"thumbnail":false,"medium":false,"medium_large":false,"large":false,"1536x1536":false,"2048x2048":false},"uagb_author_info":{"display_name":"admin","author_link":"https:\/\/vem.point-com.net\/index.php\/author\/pointcom\/"},"uagb_comment_info":0,"uagb_excerpt":"LE MOT DU PR\u00c9SIDENT Cr\u00e9\u00e9 en 1980 par M. Marcel Bigot, le V.E.M. (V\u00e9hicules d\u2019\u00c9poque du Maine) est une association [&hellip;]","_links":{"self":[{"href":"https:\/\/vem.point-com.net\/index.php\/wp-json\/wp\/v2\/pages\/15","targetHints":{"allow":["GET"]}}],"collection":[{"href":"https:\/\/vem.point-com.net\/index.php\/wp-json\/wp\/v2\/pages"}],"about":[{"href":"https:\/\/vem.point-com.net\/index.php\/wp-json\/wp\/v2\/types\/page"}],"author":[{"embeddable":true,"href":"https:\/\/vem.point-com.net\/index.php\/wp-json\/wp\/v2\/users\/1"}],"replies":[{"embeddable":true,"href":"https:\/\/vem.point-com.net\/index.php\/wp-json\/wp\/v2\/comments?post=15"}],"version-history":[{"count":54,"href":"https:\/\/vem.point-com.net\/index.php\/wp-json\/wp\/v2\/pages\/15\/revisions"}],"predecessor-version":[{"id":123,"href":"https:\/\/vem.point-com.net\/index.php\/wp-json\/wp\/v2\/pages\/15\/revisions\/123"}],"wp:attachment":[{"href":"https:\/\/vem.point-com.net\/index.php\/wp-json\/wp\/v2\/media?parent=15"}],"curies":[{"name":"wp","href":"https:\/\/api.w.org\/{rel}","templated":true}]}}